{"id":32,"date":"2021-04-02T17:52:31","date_gmt":"2021-04-02T15:52:31","guid":{"rendered":"http:\/\/lesjardinsduclaray.fr\/?page_id=32"},"modified":"2025-01-24T15:30:56","modified_gmt":"2025-01-24T14:30:56","slug":"home","status":"publish","type":"page","link":"https:\/\/lesjardinsduclaray.fr\/","title":{"rendered":"Accueil"},"content":{"rendered":"\n<div id=\"wp-block-themeisle-blocks-advanced-columns-b79f9db1\" class=\"wp-block-themeisle-blocks-advanced-columns alignfull has-2-columns has-desktop-equal-layout has-tablet-equal-layout has-mobile-collapsedRows-layout has-vertical-center\"><div class=\"wp-block-themeisle-blocks-advanced-columns-overlay\"><\/div><div class=\"innerblocks-wrap\">\n<div id=\"wp-block-themeisle-blocks-advanced-column-044a1a5e\" class=\"wp-block-themeisle-blocks-advanced-column\">\n<div class=\"wp-block-columns is-layout-flex wp-container-core-columns-is-layout-9d6595d7 wp-block-columns-is-layout-flex\">\n<div class=\"wp-block-column is-layout-flow wp-block-column-is-layout-flow\" style=\"flex-basis:100%\"><div class=\"wp-block-image\">\n<figure class=\"aligncenter size-full is-resized\"><img decoding=\"async\" width=\"750\" height=\"300\" src=\"http:\/\/lesjardinsduclaray.fr\/wp-content\/uploads\/2025\/01\/logo.png\" alt=\"\" class=\"wp-image-325\" style=\"width:487px;height:auto\" srcset=\"https:\/\/lesjardinsduclaray.fr\/wp-content\/uploads\/2025\/01\/logo.png 750w, https:\/\/lesjardinsduclaray.fr\/wp-content\/uploads\/2025\/01\/logo-300x120.png 300w\" sizes=\"(max-width: 750px) 100vw, 750px\" \/><\/figure>\n<\/div><\/div>\n<\/div>\n<\/div>\n\n\n\n<div id=\"wp-block-themeisle-blocks-advanced-column-1326d0cb\" class=\"wp-block-themeisle-blocks-advanced-column\">\n<p class=\"has-text-align-left has-medium-font-size\">Notre ferme mara\u00eech\u00e8re en Agriculture Biologique produit des l\u00e9gumes sur une surface de 1 hectare toute l&rsquo;ann\u00e9e au fil des saisons. Bas\u00e9e au Loroux-Bottereau, nous vendons nos l\u00e9gumes dans un rayon de 30 km.<\/p>\n<\/div>\n<\/div><\/div>\n\n\n\n<figure class=\"wp-block-image size-large\"><img decoding=\"async\" width=\"1024\" height=\"471\" src=\"http:\/\/lesjardinsduclaray.fr\/wp-content\/uploads\/2021\/04\/actu_montage_serres-5-1024x471.jpg\" alt=\"\" class=\"wp-image-138\" srcset=\"https:\/\/lesjardinsduclaray.fr\/wp-content\/uploads\/2021\/04\/actu_montage_serres-5-1024x471.jpg 1024w, https:\/\/lesjardinsduclaray.fr\/wp-content\/uploads\/2021\/04\/actu_montage_serres-5-300x138.jpg 300w, https:\/\/lesjardinsduclaray.fr\/wp-content\/uploads\/2021\/04\/actu_montage_serres-5-768x354.jpg 768w, https:\/\/lesjardinsduclaray.fr\/wp-content\/uploads\/2021\/04\/actu_montage_serres-5-1536x707.jpg 1536w, https:\/\/lesjardinsduclaray.fr\/wp-content\/uploads\/2021\/04\/actu_montage_serres-5.jpg 1920w\" sizes=\"(max-width: 1024px) 100vw, 1024px\" \/><\/figure>\n\n\n\n<p class=\"has-text-align-center\">Situ\u00e9e \u00e0 la sortie du bourg du Loroux-Bottereau en direction du Landreau, la ferme mara\u00eech\u00e8re des Jardins du Claray cultive et produit une quarantaine de l\u00e9gumes \u00e0 l&rsquo;ann\u00e9e depuis Mars 2021 sur une parcelle de 1 hectare en Agriculture Biologique.<\/p>\n\n\n\n<p class=\"has-text-align-center\">Notre d\u00e9marche agronomique s&rsquo;inscrit dans le respect des \u00e9cosyst\u00e8mes pr\u00e9sents et respecte l&rsquo;int\u00e9gralit\u00e9 du cahier des charges de l&rsquo;Agriculture Biologique. Dans ce cadre, la ferme est audit\u00e9e un minimum de 2 fois par an par l&rsquo;organisme de certification Ecocert.<\/p>\n\n\n\n<p class=\"has-text-align-center\">Nos pratiques agronomiques ont pour objectif de favoriser la biodiversit\u00e9 par la rotation des cultures mara\u00eech\u00e8res, le semis de couverts v\u00e9g\u00e9taux, la prise en compte de la vie du sol et la plantation de haies.<\/p>\n\n\n\n<p class=\"has-text-align-center\"><img decoding=\"async\" width=\"150\" height=\"84\" class=\"wp-image-288\" style=\"width: 150px;\" src=\"http:\/\/lesjardinsduclaray.fr\/wp-content\/uploads\/2023\/03\/logoab_eurofeuille_biologique-1.png\" alt=\"\" srcset=\"https:\/\/lesjardinsduclaray.fr\/wp-content\/uploads\/2023\/03\/logoab_eurofeuille_biologique-1.png 690w, https:\/\/lesjardinsduclaray.fr\/wp-content\/uploads\/2023\/03\/logoab_eurofeuille_biologique-1-300x169.png 300w\" sizes=\"(max-width: 150px) 100vw, 150px\" \/><\/p>\n\n\n\n<hr class=\"wp-block-separator has-alpha-channel-opacity\"\/>\n\n\n\n<div id=\"wp-block-themeisle-blocks-advanced-columns-4439fdd8\" class=\"wp-block-themeisle-blocks-advanced-columns has-2-columns has-desktop-equal-layout has-tablet-equal-layout has-mobile-collapsedRows-layout has-vertical-unset\"><div class=\"wp-block-themeisle-blocks-advanced-columns-overlay\"><\/div><div class=\"innerblocks-wrap\">\n<div id=\"wp-block-themeisle-blocks-advanced-column-a62f4042\" class=\"wp-block-themeisle-blocks-advanced-column\">\n<div id=\"wp-block-themeisle-blocks-font-awesome-icons-7ce0df38\" class=\"wp-block-themeisle-blocks-font-awesome-icons\"><span class=\"wp-block-themeisle-blocks-font-awesome-icons-container\"><svg xmlns=\"http:\/\/www.w3.org\/2000\/svg\" viewBox=\"0 0 1800 1800\"><path d=\"M1783.877,760.195L1448.221,519.4c0.936-5.06,1.49-10.252,1.49-15.58V88.032 c0-47.163-38.371-85.533-85.533-85.533h-124.246c-47.162,0-85.533,38.37-85.533,85.533v220.587L918.581,139.452 c-4.537-3.26-9.654-5.051-14.847-5.618c-1.234-0.156-2.483-0.246-3.732-0.255c-1.249,0.009-2.497,0.099-3.732,0.255 c-5.188,0.567-10.309,2.358-14.846,5.618l-865.3,620.743c-14.143,10.142-17.383,29.829-7.236,43.971 c6.155,8.581,15.822,13.149,25.63,13.149c6.361,0,12.78-1.921,18.341-5.913L900.002,203.69l254.396,182.496l63.024,45.211 l132.331,94.932l64.783,46.473l332.604,238.601c5.562,3.991,11.979,5.913,18.341,5.913c9.809,0,19.476-4.568,25.631-13.149 C1801.26,790.027,1798.02,770.337,1783.877,760.195z M1217.423,353.834V88.032c0-12.411,10.099-22.509,22.509-22.509h124.246 c12.41,0,22.509,10.098,22.509,22.509v387.226L1217.423,353.834z\"><\/path><path d=\"M1534.746,800.935c-17.404,0-31.512,14.107-31.512,31.512v894.17c0,1.895-6.37,7.86-17.418,7.86h-353.228 v-548.772c0-17.404-14.107-31.512-31.513-31.512H698.928c-17.404,0-31.512,14.107-31.512,31.512v548.772H314.188 c-11.048,0-17.418-5.966-17.418-7.86v-894.17c0-17.405-14.107-31.512-31.512-31.512c-17.404,0-31.512,14.107-31.512,31.512v894.17 c0,1.169,0.136,2.303,0.197,3.459c2.071,37.474,37.214,67.426,80.245,67.426h384.74c17.405,0,31.512-14.108,31.512-31.513v-548.771 h339.125v548.771c0,17.404,14.107,31.513,31.512,31.513h384.74c43.031,0,78.174-29.952,80.244-67.426 c0.063-1.156,0.198-2.29,0.198-3.459v-894.17C1566.259,815.042,1552.151,800.935,1534.746,800.935z\"><\/path><path d=\"M1073.253,782.176c0-95.411-77.624-173.04-173.04-173.04s-173.04,77.628-173.04,173.04 c0,95.416,77.624,173.04,173.04,173.04S1073.253,877.592,1073.253,782.176z M790.198,782.176 c0-60.663,49.352-110.016,110.016-110.016s110.015,49.353,110.015,110.016c0,60.664-49.352,110.016-110.015,110.016 S790.198,842.84,790.198,782.176z\"><\/path><\/svg><\/span><\/div>\n\n\n\n<h2 class=\"wp-block-heading has-text-align-center\">Vente \u00e0 la ferme<\/h2>\n\n\n\n<p class=\"has-text-align-center\">Mercredi<br>de 16h \u00e0 19h<br>Le Claray<br>44430 Le Loroux-Bottereau<br><\/p>\n<\/div>\n\n\n\n<div id=\"wp-block-themeisle-blocks-advanced-column-8eb26de2\" class=\"wp-block-themeisle-blocks-advanced-column\">\n<div id=\"wp-block-themeisle-blocks-font-awesome-icons-29514255\" class=\"wp-block-themeisle-blocks-font-awesome-icons\"><span class=\"wp-block-themeisle-blocks-font-awesome-icons-container\"><svg xmlns=\"http:\/\/www.w3.org\/2000\/svg\" viewBox=\"0 0 1800 1800\"><path d=\"M1099.021,1358.872c-24.524-10.022-50.942-18.95-78.808-26.835l-51.576,51.575 c152,36.272,245.715,100.936,245.715,161.021c0,89.873-209.631,190.014-510.447,190.014 c-300.812,0-510.448-100.141-510.448-190.014c0-60.081,93.715-124.748,245.711-161.021l-51.575-51.575 c-27.863,7.885-54.28,16.813-78.796,26.835c-114.981,46.993-178.304,112.964-178.304,185.761s63.323,138.769,178.304,185.762 c106.048,43.344,246.366,67.214,395.107,67.214c148.746,0,289.068-23.87,395.116-67.214 c114.977-46.993,178.294-112.965,178.294-185.762S1213.997,1405.865,1099.021,1358.872z\"><\/path><path d=\"M1646.857,537.94L735.386,271.5v-66.372c41.896-13.364,72.331-52.65,72.331-98.919 c0-57.245-46.572-103.816-103.813-103.816S600.092,48.964,600.092,106.208c0,46.269,30.437,85.555,72.332,98.919v1359.694 c0,17.389,14.094,31.482,31.481,31.482c17.388,0,31.481-14.094,31.481-31.482V864.814l911.472-266.441 c13.422-3.922,22.648-16.232,22.648-30.216C1669.506,554.173,1660.279,541.862,1646.857,537.94z M703.904,65.354 c22.526,0,40.85,18.328,40.85,40.854s-18.323,40.849-40.85,40.849s-40.849-18.323-40.849-40.849S681.378,65.354,703.904,65.354z M735.39,799.217V337.098l790.431,231.06L735.39,799.217z\"><\/path><\/svg><\/span><\/div>\n\n\n\n<h2 class=\"wp-block-heading has-text-align-center\">Vente au march\u00e9<\/h2>\n\n\n\n<p class=\"has-text-align-center\">Samedi <br>de 8h30 \u00e0 13h<br>Place Totton<br>44169 Saint-Julien de Concelles<\/p>\n<\/div>\n<\/div><\/div>\n\n\n\n<hr class=\"wp-block-separator has-alpha-channel-opacity\"\/>\n\n\n\n<div id=\"wp-block-themeisle-blocks-advanced-columns-df2e20ad\" class=\"wp-block-themeisle-blocks-advanced-columns alignfull has-1-columns has-desktop-equal-layout has-tablet-equal-layout has-mobile-equal-layout has-vertical-unset\"><div class=\"wp-block-themeisle-blocks-advanced-columns-overlay\"><\/div><div class=\"innerblocks-wrap\">\n<div id=\"wp-block-themeisle-blocks-advanced-column-52a90801\" class=\"wp-block-themeisle-blocks-advanced-column\"><div style=\"height:400pxpx;\" class=\"wp-block-themeisle-blocks-leaflet-map\" id=\"wp-block-themeisle-blocks-leaflet-map-bc17688b\"><\/div>\n<script type=\"text\/javascript\">\n\t\/* <![CDATA[ *\/\n\t\tif ( ! window.themeisleLeafletMaps ) window.themeisleLeafletMaps =[];\n\t\twindow.themeisleLeafletMaps.push( { container: \"wp-block-themeisle-blocks-leaflet-map-bc17688b\", attributes: {\"id\":\"wp-block-themeisle-blocks-leaflet-map-bc17688b\",\"location\":\"Nantes\",\"latitude\":\"47.23693729656559\",\"longitude\":\"-1.3430786132812502\",\"bbox\":\"-1.4151763916015625,47.21362164775493,-1.2709808349609377,47.26024269057585\",\"zoom\":13,\"markers\":[{\"id\":\"16836176-acbb-483c-9e5d-70cddc0704d6\",\"latitude\":47.237053849043924,\"longitude\":-1.3342380523681643,\"title\":\"Add a title\",\"description\":\"\"}],\"height\":\"400px\",\"zoomControl\":true,\"draggable\":true,\"otterConditions\":[]} } );\n\t\/* ]]> *\/\n<\/script>\n\n\n\n<h2 class=\"wp-block-heading has-text-align-center\"><strong>Les Jardins du Claray<\/strong><\/h2>\n\n\n\n<p class=\"has-text-align-center has-medium-font-size\" id=\"contact_anchor\">Le Claray<br>44430 Le Loroux-Bottereau<br>07 68 82 61 18 <br>pierre.chobeau@laposte.net<br><img decoding=\"async\" width=\"100\" height=\"56\" class=\"wp-image-288\" style=\"width: 100px;\" src=\"http:\/\/lesjardinsduclaray.fr\/wp-content\/uploads\/2023\/03\/logoab_eurofeuille_biologique-1.png\" alt=\"\" srcset=\"https:\/\/lesjardinsduclaray.fr\/wp-content\/uploads\/2023\/03\/logoab_eurofeuille_biologique-1.png 690w, https:\/\/lesjardinsduclaray.fr\/wp-content\/uploads\/2023\/03\/logoab_eurofeuille_biologique-1-300x169.png 300w\" sizes=\"(max-width: 100px) 100vw, 100px\" \/><\/p>\n<\/div>\n<\/div><\/div>\n","protected":false},"excerpt":{"rendered":"<p>Situ\u00e9e \u00e0 la sortie du bourg du Loroux-Bottereau en direction du Landreau, la ferme mara\u00eech\u00e8re des Jardins du Claray cultive et produit une quarantaine de l\u00e9gumes \u00e0 l&rsquo;ann\u00e9e depuis Mars 2021 sur une parcelle de 1 hectare en Agriculture Biologique. Notre d\u00e9marche agronomique s&rsquo;inscrit dans le respect des \u00e9cosyst\u00e8mes pr\u00e9sents et respecte l&rsquo;int\u00e9gralit\u00e9 du cahier &hellip; <\/p>\n<p class=\"link-more\"><a href=\"https:\/\/lesjardinsduclaray.fr\/\" class=\"more-link\">Lire la suite de<span class=\"screen-reader-text\">\u00ab\u00a0Accueil\u00a0\u00bb<\/span><\/a><\/p>\n","protected":false},"author":1,"featured_media":0,"parent":0,"menu_order":0,"comment_status":"closed","ping_status":"closed","template":"","meta":{"_themeisle_gutenberg_block_has_review":false,"footnotes":""},"class_list":["post-32","page","type-page","status-publish","hentry"],"yoast_head":"<!-- This site is optimized with the Yoast SEO plugin v24.9 - https:\/\/yoast.com\/wordpress\/plugins\/seo\/ -->\n<title>Accueil - Les Jardins du Claray<\/title>\n<meta name=\"robots\" content=\"index, follow, max-snippet:-1, max-image-preview:large, max-video-preview:-1\" \/>\n<link rel=\"canonical\" href=\"https:\/\/lesjardinsduclaray.fr\/\" \/>\n<meta property=\"og:locale\" content=\"fr_FR\" \/>\n<meta property=\"og:type\" content=\"article\" \/>\n<meta property=\"og:title\" content=\"Accueil - Les Jardins du Claray\" \/>\n<meta property=\"og:description\" content=\"Situ\u00e9e \u00e0 la sortie du bourg du Loroux-Bottereau en direction du Landreau, la ferme mara\u00eech\u00e8re des Jardins du Claray cultive et produit une quarantaine de l\u00e9gumes \u00e0 l&rsquo;ann\u00e9e depuis Mars 2021 sur une parcelle de 1 hectare en Agriculture Biologique. Notre d\u00e9marche agronomique s&rsquo;inscrit dans le respect des \u00e9cosyst\u00e8mes pr\u00e9sents et respecte l&rsquo;int\u00e9gralit\u00e9 du cahier &hellip; Lire la suite de\u00ab\u00a0Accueil\u00a0\u00bb\" \/>\n<meta property=\"og:url\" content=\"https:\/\/lesjardinsduclaray.fr\/\" \/>\n<meta property=\"og:site_name\" content=\"Les Jardins du Claray\" \/>\n<meta property=\"article:modified_time\" content=\"2025-01-24T14:30:56+00:00\" \/>\n<meta property=\"og:image\" content=\"http:\/\/lesjardinsduclaray.fr\/wp-content\/uploads\/2025\/01\/logo.png\" \/>\n<meta name=\"twitter:card\" content=\"summary_large_image\" \/>\n<meta name=\"twitter:label1\" content=\"Dur\u00e9e de lecture estim\u00e9e\" \/>\n\t<meta name=\"twitter:data1\" content=\"2 minutes\" \/>\n<script type=\"application\/ld+json\" class=\"yoast-schema-graph\">{\"@context\":\"https:\/\/schema.org\",\"@graph\":[{\"@type\":\"WebPage\",\"@id\":\"https:\/\/lesjardinsduclaray.fr\/\",\"url\":\"https:\/\/lesjardinsduclaray.fr\/\",\"name\":\"Accueil - Les Jardins du Claray\",\"isPartOf\":{\"@id\":\"https:\/\/lesjardinsduclaray.fr\/#website\"},\"primaryImageOfPage\":{\"@id\":\"https:\/\/lesjardinsduclaray.fr\/#primaryimage\"},\"image\":{\"@id\":\"https:\/\/lesjardinsduclaray.fr\/#primaryimage\"},\"thumbnailUrl\":\"http:\/\/lesjardinsduclaray.fr\/wp-content\/uploads\/2025\/01\/logo.png\",\"datePublished\":\"2021-04-02T15:52:31+00:00\",\"dateModified\":\"2025-01-24T14:30:56+00:00\",\"breadcrumb\":{\"@id\":\"https:\/\/lesjardinsduclaray.fr\/#breadcrumb\"},\"inLanguage\":\"fr-FR\",\"potentialAction\":[{\"@type\":\"ReadAction\",\"target\":[\"https:\/\/lesjardinsduclaray.fr\/\"]}]},{\"@type\":\"ImageObject\",\"inLanguage\":\"fr-FR\",\"@id\":\"https:\/\/lesjardinsduclaray.fr\/#primaryimage\",\"url\":\"https:\/\/lesjardinsduclaray.fr\/wp-content\/uploads\/2025\/01\/logo.png\",\"contentUrl\":\"https:\/\/lesjardinsduclaray.fr\/wp-content\/uploads\/2025\/01\/logo.png\",\"width\":750,\"height\":300},{\"@type\":\"BreadcrumbList\",\"@id\":\"https:\/\/lesjardinsduclaray.fr\/#breadcrumb\",\"itemListElement\":[{\"@type\":\"ListItem\",\"position\":1,\"name\":\"Home\",\"item\":\"https:\/\/lesjardinsduclaray.fr\/\"},{\"@type\":\"ListItem\",\"position\":2,\"name\":\"Accueil\"}]},{\"@type\":\"WebSite\",\"@id\":\"https:\/\/lesjardinsduclaray.fr\/#website\",\"url\":\"https:\/\/lesjardinsduclaray.fr\/\",\"name\":\"Les Jardins du Claray\",\"description\":\"Ferme mara\u00eech\u00e8re Bio au Loroux-Bottereau\",\"potentialAction\":[{\"@type\":\"SearchAction\",\"target\":{\"@type\":\"EntryPoint\",\"urlTemplate\":\"https:\/\/lesjardinsduclaray.fr\/?s={search_term_string}\"},\"query-input\":{\"@type\":\"PropertyValueSpecification\",\"valueRequired\":true,\"valueName\":\"search_term_string\"}}],\"inLanguage\":\"fr-FR\"}]}<\/script>\n<!-- \/ Yoast SEO plugin. -->","yoast_head_json":{"title":"Accueil - Les Jardins du Claray","robots":{"index":"index","follow":"follow","max-snippet":"max-snippet:-1","max-image-preview":"max-image-preview:large","max-video-preview":"max-video-preview:-1"},"canonical":"https:\/\/lesjardinsduclaray.fr\/","og_locale":"fr_FR","og_type":"article","og_title":"Accueil - Les Jardins du Claray","og_description":"Situ\u00e9e \u00e0 la sortie du bourg du Loroux-Bottereau en direction du Landreau, la ferme mara\u00eech\u00e8re des Jardins du Claray cultive et produit une quarantaine de l\u00e9gumes \u00e0 l&rsquo;ann\u00e9e depuis Mars 2021 sur une parcelle de 1 hectare en Agriculture Biologique. Notre d\u00e9marche agronomique s&rsquo;inscrit dans le respect des \u00e9cosyst\u00e8mes pr\u00e9sents et respecte l&rsquo;int\u00e9gralit\u00e9 du cahier &hellip; Lire la suite de\u00ab\u00a0Accueil\u00a0\u00bb","og_url":"https:\/\/lesjardinsduclaray.fr\/","og_site_name":"Les Jardins du Claray","article_modified_time":"2025-01-24T14:30:56+00:00","og_image":[{"url":"http:\/\/lesjardinsduclaray.fr\/wp-content\/uploads\/2025\/01\/logo.png","type":"","width":"","height":""}],"twitter_card":"summary_large_image","twitter_misc":{"Dur\u00e9e de lecture estim\u00e9e":"2 minutes"},"schema":{"@context":"https:\/\/schema.org","@graph":[{"@type":"WebPage","@id":"https:\/\/lesjardinsduclaray.fr\/","url":"https:\/\/lesjardinsduclaray.fr\/","name":"Accueil - Les Jardins du Claray","isPartOf":{"@id":"https:\/\/lesjardinsduclaray.fr\/#website"},"primaryImageOfPage":{"@id":"https:\/\/lesjardinsduclaray.fr\/#primaryimage"},"image":{"@id":"https:\/\/lesjardinsduclaray.fr\/#primaryimage"},"thumbnailUrl":"http:\/\/lesjardinsduclaray.fr\/wp-content\/uploads\/2025\/01\/logo.png","datePublished":"2021-04-02T15:52:31+00:00","dateModified":"2025-01-24T14:30:56+00:00","breadcrumb":{"@id":"https:\/\/lesjardinsduclaray.fr\/#breadcrumb"},"inLanguage":"fr-FR","potentialAction":[{"@type":"ReadAction","target":["https:\/\/lesjardinsduclaray.fr\/"]}]},{"@type":"ImageObject","inLanguage":"fr-FR","@id":"https:\/\/lesjardinsduclaray.fr\/#primaryimage","url":"https:\/\/lesjardinsduclaray.fr\/wp-content\/uploads\/2025\/01\/logo.png","contentUrl":"https:\/\/lesjardinsduclaray.fr\/wp-content\/uploads\/2025\/01\/logo.png","width":750,"height":300},{"@type":"BreadcrumbList","@id":"https:\/\/lesjardinsduclaray.fr\/#breadcrumb","itemListElement":[{"@type":"ListItem","position":1,"name":"Home","item":"https:\/\/lesjardinsduclaray.fr\/"},{"@type":"ListItem","position":2,"name":"Accueil"}]},{"@type":"WebSite","@id":"https:\/\/lesjardinsduclaray.fr\/#website","url":"https:\/\/lesjardinsduclaray.fr\/","name":"Les Jardins du Claray","description":"Ferme mara\u00eech\u00e8re Bio au Loroux-Bottereau","potentialAction":[{"@type":"SearchAction","target":{"@type":"EntryPoint","urlTemplate":"https:\/\/lesjardinsduclaray.fr\/?s={search_term_string}"},"query-input":{"@type":"PropertyValueSpecification","valueRequired":true,"valueName":"search_term_string"}}],"inLanguage":"fr-FR"}]}},"_links":{"self":[{"href":"https:\/\/lesjardinsduclaray.fr\/index.php?rest_route=\/wp\/v2\/pages\/32","targetHints":{"allow":["GET"]}}],"collection":[{"href":"https:\/\/lesjardinsduclaray.fr\/index.php?rest_route=\/wp\/v2\/pages"}],"about":[{"href":"https:\/\/lesjardinsduclaray.fr\/index.php?rest_route=\/wp\/v2\/types\/page"}],"author":[{"embeddable":true,"href":"https:\/\/lesjardinsduclaray.fr\/index.php?rest_route=\/wp\/v2\/users\/1"}],"replies":[{"embeddable":true,"href":"https:\/\/lesjardinsduclaray.fr\/index.php?rest_route=%2Fwp%2Fv2%2Fcomments&post=32"}],"version-history":[{"count":100,"href":"https:\/\/lesjardinsduclaray.fr\/index.php?rest_route=\/wp\/v2\/pages\/32\/revisions"}],"predecessor-version":[{"id":345,"href":"https:\/\/lesjardinsduclaray.fr\/index.php?rest_route=\/wp\/v2\/pages\/32\/revisions\/345"}],"wp:attachment":[{"href":"https:\/\/lesjardinsduclaray.fr\/index.php?rest_route=%2Fwp%2Fv2%2Fmedia&parent=32"}],"curies":[{"name":"wp","href":"https:\/\/api.w.org\/{rel}","templated":true}]}}